{"id":988,"date":"2017-12-12T15:50:12","date_gmt":"2017-12-12T14:50:12","guid":{"rendered":"http:\/\/himmelstoechter.de\/?page_id=988"},"modified":"2017-12-12T15:50:12","modified_gmt":"2017-12-12T14:50:12","slug":"album-bestellseite","status":"publish","type":"page","link":"https:\/\/himmelstoechter.de\/?page_id=988","title":{"rendered":"Album Bestellseite"},"content":{"rendered":"<div class=\"wpb-content-wrapper\"><p>[vc_row][vc_column][vc_column_text]Vielen Dank das Sie Interesse an einem unserer Alben zeigen. Sie k\u00f6nnen uns einfach in dem folgenden Kontaktformular Ihre gew\u00fcnschte Bestellung und Versandadresse nennen. Alternativ k\u00f6nnen Sie uns auch unter folgender Nummer telefonisch erreichen und uns Ihre Bestellungsw\u00fcnsche mitteilen: 0221 &#8211; 6805733.<\/p>\n<p>Freundliche Gr\u00fc\u00dfe,<\/p>\n<p>Ihre Himmelst\u00f6chter[\/vc_column_text][\/vc_column][\/vc_row]<\/p>\n<\/div>","protected":false},"excerpt":{"rendered":"<p>[vc_row][vc_column][vc_column_text]Vielen Dank das Sie Interesse an einem unserer Alben zeigen. Sie k\u00f6nnen uns einfach in dem folgenden Kontaktformular Ihre gew\u00fcnschte<\/p>\n","protected":false},"author":1,"featured_media":0,"parent":0,"menu_order":0,"comment_status":"open","ping_status":"open","template":"page_contact.php","meta":{"footnotes":""},"class_list":["post-988","page","type-page","status-publish","hentry"],"_links":{"self":[{"href":"https:\/\/himmelstoechter.de\/index.php?rest_route=\/wp\/v2\/pages\/988","targetHints":{"allow":["GET"]}}],"collection":[{"href":"https:\/\/himmelstoechter.de\/index.php?rest_route=\/wp\/v2\/pages"}],"about":[{"href":"https:\/\/himmelstoechter.de\/index.php?rest_route=\/wp\/v2\/types\/page"}],"author":[{"embeddable":true,"href":"https:\/\/himmelstoechter.de\/index.php?rest_route=\/wp\/v2\/users\/1"}],"replies":[{"embeddable":true,"href":"https:\/\/himmelstoechter.de\/index.php?rest_route=%2Fwp%2Fv2%2Fcomments&post=988"}],"version-history":[{"count":2,"href":"https:\/\/himmelstoechter.de\/index.php?rest_route=\/wp\/v2\/pages\/988\/revisions"}],"predecessor-version":[{"id":990,"href":"https:\/\/himmelstoechter.de\/index.php?rest_route=\/wp\/v2\/pages\/988\/revisions\/990"}],"wp:attachment":[{"href":"https:\/\/himmelstoechter.de\/index.php?rest_route=%2Fwp%2Fv2%2Fmedia&parent=988"}],"curies":[{"name":"wp","href":"https:\/\/api.w.org\/{rel}","templated":true}]}}