{"id":655,"date":"2015-04-29T19:30:20","date_gmt":"2015-04-29T19:30:20","guid":{"rendered":"http:\/\/smartwpress.com\/jamsession3\/?page_id=655"},"modified":"2025-05-02T19:40:57","modified_gmt":"2025-05-02T18:40:57","slug":"empty-page-visual-composer","status":"publish","type":"page","link":"https:\/\/himmelstoechter.de\/","title":{"rendered":"Startseite"},"content":{"rendered":"<div class=\"wpb-content-wrapper\"><p>[vc_row][vc_column][rev_slider_vc alias=&#8220;mainrevslider&#8220;][\/vc_column][\/vc_row][vc_row css=&#8220;.vc_custom_1430339334576{padding-top: 65px !important;padding-bottom: 130px !important;background-image: url(http:\/\/smartwpress.com\/jamsession3\/wp-content\/uploads\/2015\/04\/backgroundBlackStoneWeb.jpg?id=659) !important;background-position: center !important;background-repeat: no-repeat !important;background-size: cover !important;}&#8220;][vc_column width=&#8220;1\/6&#8243;][\/vc_column][vc_column width=&#8220;1\/2&#8243;][vc_column_text css=&#8220;.vc_custom_1746211251566{border-radius: 25px !important;}&#8220;]<\/p>\n<p class=\"\" data-start=\"97\" data-end=\"161\"><strong data-start=\"97\" data-end=\"161\">25 Jahre Himmelst\u00f6chter \u2013 Fr\u00fchlingsgef\u00fchle &amp; Jubil\u00e4umskl\u00e4nge<\/strong><\/p>\n<p class=\"\" data-start=\"163\" data-end=\"486\">Im letzten Jahr haben wir mit \u201eFr\u00fchlingsgef\u00fchle\u201c das Erwachen der Natur und der menschlichen Regungen besungen \u2013 in diesem Jahr feiern wir 25 Jahre Himmelst\u00f6chter!<br data-start=\"326\" data-end=\"329\" \/>Unser Jubil\u00e4umsprogramm greift die sch\u00f6nsten St\u00fccke aus \u201eFr\u00fchlingsgef\u00fchle\u201c auf und erweitert sie um musikalische Highlights aus 25 Jahren Ensemblegeschichte.<\/p>\n<p class=\"\" data-start=\"488\" data-end=\"781\">Wir freuen uns sehr, dieses besondere Jubil\u00e4um gemeinsam zu feiern \u2013 mit allen, die uns \u00fcber die Jahre begleitet haben, und mit allen, die neu dazukommen.<br data-start=\"642\" data-end=\"645\" \/>Noch mehr freuen wir uns auf zahlreiche Besucher bei unseren Konzerten \u2013 auf ein Wiedersehen, auf Begegnungen, auf Musik, die verbindet.<\/p>\n<p class=\"\" data-start=\"783\" data-end=\"812\">Anne, Daniela, Ang\u00e9la und Eva<\/p>\n<p>[\/vc_column_text][\/vc_column][vc_column width=&#8220;1\/6&#8243;][vc_single_image image=&#8220;1031&#8243; img_size=&#8220;medium&#8220; alignment=&#8220;right&#8220; style=&#8220;vc_box_rounded&#8220; onclick=&#8220;img_link_large&#8220; img_link_target=&#8220;_blank&#8220;][\/vc_column][vc_column width=&#8220;1\/6&#8243;][\/vc_column][\/vc_row][vc_row content_placement=&#8220;bottom&#8220; js_parallax_bg=&#8220;yes&#8220; js_color_overlay=&#8220;rgba(48,48,48,0.76)&#8220; css=&#8220;.vc_custom_1637771238878{padding-top: 100px !important;padding-bottom: 65px !important;background-position: center !important;background-repeat: no-repeat !important;background-size: contain !important;}&#8220;][vc_column]<h2 class=\"short_title\">N\u00e4chste Veranstaltungen<\/h2>[\/vc_column][\/vc_row][vc_row css=&#8220;.vc_custom_1430337963529{padding-top: 65px !important;padding-bottom: 130px !important;}&#8220;][vc_column]<h2 class=\"short_title\">Aktuelle Fotos<\/h2><div class=\"js_swp_gallery_container\" data-rheight=\"200\"><div class=\"img_box\"><a href=\"https:\/\/himmelstoechter.de\/wp-content\/uploads\/2015\/04\/20-07_0344.jpg\" data-lightbox=\"photoAlbum196110461\"><div class=\"img_mask\"><i class=\"icon-picture\"><\/i><\/div><img fetchpriority=\"high\" decoding=\"async\" width=\"3500\" height=\"1968\" src=\"https:\/\/himmelstoechter.de\/wp-content\/uploads\/2015\/04\/20-07_0344.jpg\" class=\"attachment-full size-full\" alt=\"\" srcset=\"https:\/\/himmelstoechter.de\/wp-content\/uploads\/2015\/04\/20-07_0344.jpg 3500w, https:\/\/himmelstoechter.de\/wp-content\/uploads\/2015\/04\/20-07_0344-300x169.jpg 300w, https:\/\/himmelstoechter.de\/wp-content\/uploads\/2015\/04\/20-07_0344-768x432.jpg 768w, https:\/\/himmelstoechter.de\/wp-content\/uploads\/2015\/04\/20-07_0344-1024x576.jpg 1024w\" sizes=\"(max-width: 3500px) 100vw, 3500px\" \/><\/a><\/div><div class=\"img_box\"><a href=\"https:\/\/himmelstoechter.de\/wp-content\/uploads\/2016\/05\/20-07_0377.jpg\" data-lightbox=\"photoAlbum196110461\"><div class=\"img_mask\"><i class=\"icon-picture\"><\/i><\/div><img decoding=\"async\" width=\"3500\" height=\"2333\" src=\"https:\/\/himmelstoechter.de\/wp-content\/uploads\/2016\/05\/20-07_0377.jpg\" class=\"attachment-full size-full\" alt=\"\" srcset=\"https:\/\/himmelstoechter.de\/wp-content\/uploads\/2016\/05\/20-07_0377.jpg 3500w, https:\/\/himmelstoechter.de\/wp-content\/uploads\/2016\/05\/20-07_0377-300x200.jpg 300w, https:\/\/himmelstoechter.de\/wp-content\/uploads\/2016\/05\/20-07_0377-768x512.jpg 768w, https:\/\/himmelstoechter.de\/wp-content\/uploads\/2016\/05\/20-07_0377-1024x683.jpg 1024w\" sizes=\"(max-width: 3500px) 100vw, 3500px\" \/><\/a><\/div><div class=\"img_box\"><a href=\"https:\/\/himmelstoechter.de\/wp-content\/uploads\/2017\/10\/20-07_0064sw.jpg\" data-lightbox=\"photoAlbum196110461\"><div class=\"img_mask\"><i class=\"icon-picture\"><\/i><\/div><img decoding=\"async\" width=\"3500\" height=\"2500\" src=\"https:\/\/himmelstoechter.de\/wp-content\/uploads\/2017\/10\/20-07_0064sw.jpg\" class=\"attachment-full size-full\" alt=\"\" srcset=\"https:\/\/himmelstoechter.de\/wp-content\/uploads\/2017\/10\/20-07_0064sw.jpg 3500w, https:\/\/himmelstoechter.de\/wp-content\/uploads\/2017\/10\/20-07_0064sw-300x214.jpg 300w, https:\/\/himmelstoechter.de\/wp-content\/uploads\/2017\/10\/20-07_0064sw-768x549.jpg 768w, https:\/\/himmelstoechter.de\/wp-content\/uploads\/2017\/10\/20-07_0064sw-1024x731.jpg 1024w\" sizes=\"(max-width: 3500px) 100vw, 3500px\" \/><\/a><\/div><div class=\"img_box\"><a href=\"https:\/\/himmelstoechter.de\/wp-content\/uploads\/2017\/10\/20-07_0088sw.jpg\" data-lightbox=\"photoAlbum196110461\"><div class=\"img_mask\"><i class=\"icon-picture\"><\/i><\/div><img loading=\"lazy\" decoding=\"async\" width=\"3500\" height=\"2500\" src=\"https:\/\/himmelstoechter.de\/wp-content\/uploads\/2017\/10\/20-07_0088sw.jpg\" class=\"attachment-full size-full\" alt=\"\" srcset=\"https:\/\/himmelstoechter.de\/wp-content\/uploads\/2017\/10\/20-07_0088sw.jpg 3500w, https:\/\/himmelstoechter.de\/wp-content\/uploads\/2017\/10\/20-07_0088sw-300x214.jpg 300w, https:\/\/himmelstoechter.de\/wp-content\/uploads\/2017\/10\/20-07_0088sw-768x549.jpg 768w, https:\/\/himmelstoechter.de\/wp-content\/uploads\/2017\/10\/20-07_0088sw-1024x731.jpg 1024w\" sizes=\"(max-width: 3500px) 100vw, 3500px\" \/><\/a><\/div><div class=\"img_box\"><a href=\"https:\/\/himmelstoechter.de\/wp-content\/uploads\/2017\/10\/20-07_0050.jpg\" data-lightbox=\"photoAlbum196110461\"><div class=\"img_mask\"><i class=\"icon-picture\"><\/i><\/div><img loading=\"lazy\" decoding=\"async\" width=\"3500\" height=\"2500\" src=\"https:\/\/himmelstoechter.de\/wp-content\/uploads\/2017\/10\/20-07_0050.jpg\" class=\"attachment-full size-full\" alt=\"\" srcset=\"https:\/\/himmelstoechter.de\/wp-content\/uploads\/2017\/10\/20-07_0050.jpg 3500w, https:\/\/himmelstoechter.de\/wp-content\/uploads\/2017\/10\/20-07_0050-300x214.jpg 300w, https:\/\/himmelstoechter.de\/wp-content\/uploads\/2017\/10\/20-07_0050-768x549.jpg 768w, https:\/\/himmelstoechter.de\/wp-content\/uploads\/2017\/10\/20-07_0050-1024x731.jpg 1024w\" sizes=\"(max-width: 3500px) 100vw, 3500px\" \/><\/a><\/div><\/div><div class=\"view_more js_swp_container\"><a href=\"https:\/\/himmelstoechter.de\/?page_id=49\">Zur Foto Galerie<\/a><\/div>[\/vc_column][\/vc_row][vc_row js_parallax_bg=&#8220;yes&#8220; js_color_overlay=&#8220;rgba(45,45,45,0.74)&#8220; css=&#8220;.vc_custom_1509454887793{padding-top: 65px !important;padding-bottom: 130px !important;background-image: url(https:\/\/himmelstoechter.de\/wp-content\/uploads\/2016\/05\/20-07_0377.jpg?id=897) !important;background-position: center !important;background-repeat: no-repeat !important;background-size: cover !important;}&#8220;][vc_column]<h2 class=\"short_title\">Die T\u00f6chter in sozialen Medien<\/h2><div class=\"social_profiles_contact js_vc_social_profiles text_center\"><ul class=\"float_container\"><li><a target=\"_blank\" href=\"https:\/\/www.facebook.com\/Die-Himmelst\u00f6chter-238243789663656\/?ref=ts\" title=\"Facebook\"><i class=\"icon-facebook\"><\/i><\/a><\/li><\/ul><\/div>[\/vc_column][\/vc_row][vc_row js_color_overlay=&#8220;rgba(0,0,0,0.65)&#8220; js_video_background=&#8220;http:\/\/smartwpress.com\/jamsession3\/wp-content\/uploads\/2015\/04\/kuala_lumpur_timelapse.mp4&#8243; css=&#8220;.vc_custom_1430339021768{padding-top: 65px !important;padding-bottom: 65px !important;}&#8220;][vc_column]<h2 class=\"short_title\">Jetzt Kontakt aufnehmen<\/h2><div class=\"js_swp_center_container for_ajax_contact\"><div id=\"contactform\"><form id=\"contactForm\"><ul class=\"contactform\"><li class=\"comment-form-author\"><label for=\"contactName\">Name <span class=\"required_field\">*<\/span><\/label><input type=\"text\" name=\"contactName\" id=\"contactName\" class=\"required requiredField contactNameInput\" \/><span class=\"error\">Please enter your name.<\/span><\/li><li class=\"comment-form-email\"><label for=\"email\">Email <span class=\"required_field\">*<\/span><\/label><input type=\"text\" name=\"email\" id=\"email\" class=\"required requiredField email\" \/><span class=\"error\">Please enter a correct email address.<\/span><\/li><li class=\"comment-form-url\"><label for=\"phone\">Phone <\/label><input type=\"text\" name=\"phone\" id=\"phone\" \/><\/li><li class=\"comment-form-comment\"><label for=\"commentsText\">Message <span class=\"required_field\">*<\/span><\/label><textarea name=\"comments\" id=\"commentsText\" rows=\"10\" cols=\"30\" class=\"required requiredField\" contactMessageInput><\/textarea><span class=\"error\">Please enter a message.<\/span><\/li><li class=\"captcha_error\"><span class=\"error\">Incorrect reCaptcha. Please enter reCaptcha challenge.<\/span><\/li><li class=\"wp_mail_error\"><span class=\"error\">Cannot send mail, an error occurred while delivering this message. Please try again later.<\/span><\/li><li class=\"formResultOK\"><span class=\"error\">Your message was sent successfully. Thanks!<\/span><\/li>\t\t\n\t\t<li>\n\t\t\t<div id=\"captchadiv\">\n\t\t\t\t  <div class=\"g-recaptcha\" data-sitekey=\"6LfPK9cUAAAAACV3yUq2Vyg8I0sLfQpD7rmY-Efc\"><\/div>\n\t\t\t<\/div>\n\t\t<\/li>\n\t\t\n\t\t<li><input name=\"Button1\" type=\"submit\" id=\"submit\" value=\"Send Email\" ><div class=\"progressAction\"><img decoding=\"async\" src=\"https:\/\/himmelstoechter.de\/wp-content\/themes\/jamsession\/images\/progress.gif\"><\/div><\/li><\/ul><input type=\"hidden\" name=\"action\" value=\"contactformajax_action\" \/><input type=\"hidden\" id=\"contactform_nonce\" name=\"contactform_nonce\" value=\"582ae0f004\" \/><input type=\"hidden\" name=\"_wp_http_referer\" value=\"\/index.php?rest_route=%2Fwp%2Fv2%2Fpages%2F655\" \/><\/form><\/div><\/div>[\/vc_column][\/vc_row]<\/p>\n<\/div>","protected":false},"excerpt":{"rendered":"<p>[vc_row][vc_column][rev_slider_vc alias=&#8220;mainrevslider&#8220;][\/vc_column][\/vc_row][vc_row css=&#8220;.vc_custom_1430339334576{padding-top: 65px !important;padding-bottom: 130px !important;background-image: url(http:\/\/smartwpress.com\/jamsession3\/wp-content\/uploads\/2015\/04\/backgroundBlackStoneWeb.jpg?id=659) !important;background-position: center !important;background-repeat: no-repeat !important;background-size: cover !important;}&#8220;][vc_column width=&#8220;1\/6&#8243;][\/vc_column][vc_column width=&#8220;1\/2&#8243;][vc_column_text css=&#8220;.vc_custom_1746211251566{border-radius: 25px !important;}&#8220;]<\/p>\n","protected":false},"author":1,"featured_media":0,"parent":0,"menu_order":0,"comment_status":"open","ping_status":"open","template":"page_empty.php","meta":{"footnotes":""},"class_list":["post-655","page","type-page","status-publish","hentry"],"_links":{"self":[{"href":"https:\/\/himmelstoechter.de\/index.php?rest_route=\/wp\/v2\/pages\/655","targetHints":{"allow":["GET"]}}],"collection":[{"href":"https:\/\/himmelstoechter.de\/index.php?rest_route=\/wp\/v2\/pages"}],"about":[{"href":"https:\/\/himmelstoechter.de\/index.php?rest_route=\/wp\/v2\/types\/page"}],"author":[{"embeddable":true,"href":"https:\/\/himmelstoechter.de\/index.php?rest_route=\/wp\/v2\/users\/1"}],"replies":[{"embeddable":true,"href":"https:\/\/himmelstoechter.de\/index.php?rest_route=%2Fwp%2Fv2%2Fcomments&post=655"}],"version-history":[{"count":36,"href":"https:\/\/himmelstoechter.de\/index.php?rest_route=\/wp\/v2\/pages\/655\/revisions"}],"predecessor-version":[{"id":1062,"href":"https:\/\/himmelstoechter.de\/index.php?rest_route=\/wp\/v2\/pages\/655\/revisions\/1062"}],"wp:attachment":[{"href":"https:\/\/himmelstoechter.de\/index.php?rest_route=%2Fwp%2Fv2%2Fmedia&parent=655"}],"curies":[{"name":"wp","href":"https:\/\/api.w.org\/{rel}","templated":true}]}}