{"id":2,"date":"2016-05-10T03:48:21","date_gmt":"2016-05-10T03:48:21","guid":{"rendered":"http:\/\/himmelstoechter.de\/?page_id=2"},"modified":"2024-02-20T19:25:22","modified_gmt":"2024-02-20T18:25:22","slug":"sample-page","status":"publish","type":"page","link":"https:\/\/himmelstoechter.de\/?page_id=2","title":{"rendered":"Die T\u00f6chter"},"content":{"rendered":"<div class=\"wpb-content-wrapper\"><p>[vc_row][vc_column][vc_column_text]<\/p>\n<blockquote>\n<p>Wo auch immer das vierk\u00f6pfige A-Cappella-Ensemble aus dem K\u00f6lner Raum auftritt, verstummt der Weltenl\u00e4rm. Mit mal leisen, mal sich triumphierend aufschwingenden T\u00f6nen, mit pulsierenden Rhythmen oder getragenen Melodien bezaubern sie ihr Publikum und verwandeln Kirchen in Buchenw\u00e4lder, Open-Air-B\u00fchnen in sakrale Klangr\u00e4ume und Fabrikhallen in ein ausgelassenes Musiktheater. Allein mit ihren Stimmen geben sie allem eine ganz eigene, gleicherma\u00dfen von Staub wie von moderner Hektik befreite Note.<\/p>\n<p>Die vier ausgebildeten S\u00e4ngerinnen und Musikerinnen, die seit vielen Jahren zusammen singen und mehrere Preise gewonnen haben, passen genauso wenig in eine Schublade, wie sich ihre Musik auf eine Zeit oder ein Genre festlegen l\u00e4sst.<\/p>\n<p>Die Himmelst\u00f6chter scheinen die Kraft der Musik zu befreien. Vom Namen abgesehen haben sie mit himmlischen Gesch\u00f6pfen wenig gemeinsam \u2013 vielmehr stehen sie ganz irdisch mit beiden Beinen im Leben, aus dem sie ihrerseits Kraft gewinnen. Wohl auch deshalb klingt ihre Musik so nat\u00fcrlich und ungek\u00fcnstelt, ihr Vortrag so leicht und beschwingt.<\/p>\n<\/blockquote>\n<p><em>&#8211; Claudia Wanninger<\/em>[\/vc_column_text][vc_empty_space height=&#8220;50px&#8220;][\/vc_column][\/vc_row][vc_row full_width=&#8220;stretch_row&#8220; gap=&#8220;30&#8243; equal_height=&#8220;yes&#8220;][vc_column width=&#8220;1\/6&#8243;][\/vc_column][vc_column width=&#8220;1\/3&#8243;][vc_hoverbox image=&#8220;850&#8243; primary_title=&#8220;Anne Kn\u00e4pper&#8220; primary_title_font_container=&#8220;line_height:10&#8243; primary_title_use_theme_fonts=&#8220;yes&#8220; hover_title=&#8220;Anne Kn\u00e4pper&#8220; hover_title_use_theme_fonts=&#8220;yes&#8220; hover_background_color=&#8220;black&#8220; el_width=&#8220;80&#8243; css_animation=&#8220;fadeInDown&#8220; use_custom_fonts_primary_title=&#8220;true&#8220; use_custom_fonts_hover_title=&#8220;true&#8220;]Unser glockenheller Strahle-Sopran\u00a0hat in K\u00f6ln und Gie\u00dfen Musik studiert,\u00a0ist Grundschulp\u00e4dagogin mit Leib und Seele,\u00a0war langj\u00e4hriges Ensemblemitglied beim Kinder-Musik-Theater \u201eLila Lindwurm\u201c.<\/p>\n<p>Sie wirkte als Solistin und als Chors\u00e4ngerin in diversen Kirchenmusik programmen mit,\u00a0die Tochter und zwei S\u00f6hne geben zuhause ebenfalls T\u00f6ne an, und Anne sagt:<\/p>\n<p>\u201eMir ist heut so nach Tamerlan!\u201c[\/vc_hoverbox][\/vc_column][vc_column width=&#8220;1\/3&#8243;][vc_hoverbox image=&#8220;854&#8243; primary_title=&#8220;Daniela B\u00e4r&#8220; primary_title_font_container=&#8220;line_height:10&#8243; primary_title_use_theme_fonts=&#8220;yes&#8220; hover_title=&#8220;Daniela B\u00e4r&#8220; hover_title_use_theme_fonts=&#8220;yes&#8220; hover_background_color=&#8220;black&#8220; el_width=&#8220;80&#8243; css_animation=&#8220;fadeInDown&#8220; use_custom_fonts_primary_title=&#8220;true&#8220; use_custom_fonts_hover_title=&#8220;true&#8220;]Leuchtender Sopran,\u00a0bringt unser Ensemble mit ihren warmen, runden Kl\u00e4ngen zum Schwingen,\u00a0hat in Saarbr\u00fccken Gesang studiert,\u00a0im Opernchor Saarbr\u00fccken, im Extrachor der Oper K\u00f6ln und in einem Barock-Musik-Theater mitgewirkt,\u00a0arbeitet als\u00a0freiberufliche Gesangsp\u00e4dagogin (Ch\u00f6re der K\u00f6lner Dom-Musik) und ist au\u00dferdem Keramikerin in eigener Werkstatt. Sie hat zwei wundervolle T\u00f6chter.<\/p>\n<p>\u201eIch wollte nie auf d\u00fcnnen Brettern stehen\u201c[\/vc_hoverbox][\/vc_column][\/vc_row][vc_row][vc_column][vc_empty_space height=&#8220;50&#8243;][\/vc_column][\/vc_row][vc_row full_width=&#8220;stretch_row&#8220; gap=&#8220;30&#8243; equal_height=&#8220;yes&#8220;][vc_column width=&#8220;1\/6&#8243;][\/vc_column][vc_column width=&#8220;1\/3&#8243;][vc_hoverbox image=&#8220;852&#8243; primary_title=&#8220;Ang\u00e9la Rupprecht&#8220; primary_title_use_theme_fonts=&#8220;yes&#8220; hover_title=&#8220;Ang\u00e9la Rupprecht&#8220; hover_title_use_theme_fonts=&#8220;yes&#8220; hover_background_color=&#8220;black&#8220; el_width=&#8220;80&#8243; css_animation=&#8220;fadeInDown&#8220; use_custom_fonts_primary_title=&#8220;true&#8220; use_custom_fonts_hover_title=&#8220;true&#8220;]Unser dramatischer Mezzosopran,\u00a0klingt selbst in luftigen H\u00f6hen dunkel und warm.\u00a0Sie hat Musiktherapie in Heidelberg studiert, ihre Gesangsausbildung in K\u00f6ln und London absolviert, verschiedene Theaterprojekte musikalisch geleitet und ist Mitglied des Extrachores der Oper K\u00f6ln. Als Solistin und Chors\u00e4ngerin\u00a0 ist sie regelm\u00e4\u00dfig in K\u00f6ln zu h\u00f6ren und verf\u00fcgt \u00fcber ein reichhaltiges Repertoire.\u00a0Der gr\u00f6\u00dfte Schatz aber sind ihre drei Kinder.<\/p>\n<p>\u201eIch singe, was ich nicht sagen kann\u201c[\/vc_hoverbox][\/vc_column][vc_column width=&#8220;1\/3&#8243;][vc_hoverbox image=&#8220;876&#8243; primary_title=&#8220;Eva Sauerland&#8220; primary_title_use_theme_fonts=&#8220;yes&#8220; hover_title=&#8220;Eva Sauerland&#8220; hover_title_use_theme_fonts=&#8220;yes&#8220; hover_background_color=&#8220;black&#8220; el_width=&#8220;80&#8243; css_animation=&#8220;fadeInDown&#8220; use_custom_fonts_primary_title=&#8220;true&#8220; use_custom_fonts_hover_title=&#8220;true&#8220;]Unsere temperamentvolle und experimentierfreudige \u201eGrundlage\u201c im Alt, hat in D\u00fcsseldorf Gesang studiert und gestaltet h\u00e4ufig als Solistin kirchliche Konzerte, au\u00dferdem ist sie S\u00e4ngerin in mehreren K\u00f6lner Ch\u00f6ren. Eva hat zwei S\u00f6hne und selber \u2013 wie wir alle \u2013 schon sehr fr\u00fch begonnen:<\/p>\n<p>\u201eIch sing euch mal ein Lied\u201c (Zitat Eva, 2 Jahre)<\/p>\n<p>\u201eSingen geh\u00f6rt eben einfach zum Leben dazu\u201c<\/p>\n<p>&nbsp;[\/vc_hoverbox][\/vc_column][\/vc_row]<\/p>\n<\/div>","protected":false},"excerpt":{"rendered":"<p>[vc_row][vc_column][vc_column_text] Wo auch immer das vierk\u00f6pfige A-Cappella-Ensemble aus dem K\u00f6lner Raum auftritt, verstummt der Weltenl\u00e4rm. Mit mal leisen, mal sich<\/p>\n","protected":false},"author":1,"featured_media":0,"parent":0,"menu_order":0,"comment_status":"closed","ping_status":"open","template":"page_full.php","meta":{"footnotes":""},"class_list":["post-2","page","type-page","status-publish","hentry"],"_links":{"self":[{"href":"https:\/\/himmelstoechter.de\/index.php?rest_route=\/wp\/v2\/pages\/2","targetHints":{"allow":["GET"]}}],"collection":[{"href":"https:\/\/himmelstoechter.de\/index.php?rest_route=\/wp\/v2\/pages"}],"about":[{"href":"https:\/\/himmelstoechter.de\/index.php?rest_route=\/wp\/v2\/types\/page"}],"author":[{"embeddable":true,"href":"https:\/\/himmelstoechter.de\/index.php?rest_route=\/wp\/v2\/users\/1"}],"replies":[{"embeddable":true,"href":"https:\/\/himmelstoechter.de\/index.php?rest_route=%2Fwp%2Fv2%2Fcomments&post=2"}],"version-history":[{"count":57,"href":"https:\/\/himmelstoechter.de\/index.php?rest_route=\/wp\/v2\/pages\/2\/revisions"}],"predecessor-version":[{"id":1021,"href":"https:\/\/himmelstoechter.de\/index.php?rest_route=\/wp\/v2\/pages\/2\/revisions\/1021"}],"wp:attachment":[{"href":"https:\/\/himmelstoechter.de\/index.php?rest_route=%2Fwp%2Fv2%2Fmedia&parent=2"}],"curies":[{"name":"wp","href":"https:\/\/api.w.org\/{rel}","templated":true}]}}